{"id":1343,"date":"2024-10-15T10:29:45","date_gmt":"2024-10-15T10:29:45","guid":{"rendered":"https:\/\/footanalytics.com\/politica-de-cookies\/"},"modified":"2024-10-15T10:59:19","modified_gmt":"2024-10-15T10:59:19","slug":"politica-de-cookies","status":"publish","type":"page","link":"https:\/\/footanalytics.com\/ca\/politica-de-cookies\/","title":{"rendered":"Pol\u00edtica de cookies"},"content":{"rendered":"<h2>QU\u00c8 \u00c9S UNA COOKIE? PER A QU\u00c8 SERVEIXEN?<\/h2>\n<p>Les cookies s\u00f3n fitxers de text que es baixen en l&#8217;equip terminal de l&#8217;usuari (ordinador, tauleta, tel\u00e8fon m\u00f2bil&#8230;) i que es guarden en la mem\u00f2ria del navegador. Amb la navegaci\u00f3 per la web de Foot Analytics presteu el consentiment a rebre aquestes cookies.  Les cookies s\u00f3n necess\u00e0ries per a facilitar la navegaci\u00f3 i fer-la m\u00e9s \u00e0gil. Les cookies ens ajuden a identificar-te i a recordar les prefer\u00e8ncies durant la navegaci\u00f3. Encara que en aquesta pol\u00edtica s&#8217;utilitza el terme general de cookies perqu\u00e8 \u00e9s el principal m\u00e8tode d&#8217;emmagatzematge d&#8217;informaci\u00f3 que utilitza el nostre espai web, tamb\u00e9 s&#8217;utilitza l&#8217;espai \u201cEmmagatzematge local\u201d del navegador per a la mateixa finalitat que les cookies. Per tant, tota la informaci\u00f3 inclosa en aquesta secci\u00f3 \u00e9s aplicable igualment a aquest \u201cEmmagatzematge local\u201d No emmagatzemem informaci\u00f3 sensible d&#8217;identificaci\u00f3 personal, com per exemple la teva adre\u00e7a, i no utilitzem les cookies per a finalitats comercials.<\/p>\n<p>&nbsp;<\/p>\n<h2>QUI UTILITZA LA INFORMACI\u00d3 EMMAGATZEMADA EN LES COOKIES?<\/h2>\n<p>La informaci\u00f3 emmagatzemada en les cookies del nostre espai web nom\u00e9s la utilitzem nosaltres (excepte les de Google Analytics, que les utilitza i gestiona Google i nosaltres per a finalitats estad\u00edstiques).<\/p>\n<p>&nbsp;<\/p>\n<h2>PUC DESHABILITAR LES COOKIES?<\/h2>\n<p>Podeu desactivar les cookies, per\u00f2 tingueu en compte que si les desactiveu potser no podeu accedir a determinades parts de la nostra web o que la navegaci\u00f3 sigui menys eficient. Per a obtenir m\u00e9s informaci\u00f3 sobre la configuraci\u00f3 de les cookies en el navegador, consulteu el men\u00fa \u201cAjuda\u201d del vostre ordinador.<\/p>\n<p>&nbsp;<\/p>\n<h2>QUINES COOKIES UTILITZA FOOT ANALYTICS?<\/h2>\n<div class=\"cky-audit-table-element\"><\/div>\n","protected":false},"excerpt":{"rendered":"<p>QU\u00c8 \u00c9S UNA COOKIE? PER A QU\u00c8 SERVEIXEN? Les cookies s\u00f3n fitxers de text que es baixen en l&#8217;equip terminal de l&#8217;usuari (ordinador, tauleta, tel\u00e8fon m\u00f2bil&#8230;) i que es guarden en la mem\u00f2ria del navegador. Amb la navegaci\u00f3 per la web de Foot Analytics presteu el consentiment a rebre aquestes cookies. Les cookies s\u00f3n necess\u00e0ries [&hellip;]<\/p>\n","protected":false},"author":2,"featured_media":0,"parent":0,"menu_order":0,"comment_status":"closed","ping_status":"closed","template":"templates\/legales.php","meta":{"_acf_changed":false,"footnotes":""},"class_list":["post-1343","page","type-page","status-publish","hentry"],"acf":[],"yoast_head":"<!-- This site is optimized with the Yoast SEO plugin v23.8 - https:\/\/yoast.com\/wordpress\/plugins\/seo\/ -->\n<title>Pol\u00edtica de cookies - Foot Analytics<\/title>\n<meta name=\"robots\" content=\"index, follow, max-snippet:-1, max-image-preview:large, max-video-preview:-1\" \/>\n<link rel=\"canonical\" href=\"https:\/\/footanalytics.com\/ca\/politica-de-cookies\/\" \/>\n<meta property=\"og:locale\" content=\"ca_ES\" \/>\n<meta property=\"og:type\" content=\"article\" \/>\n<meta property=\"og:title\" content=\"Pol\u00edtica de cookies - Foot Analytics\" \/>\n<meta property=\"og:description\" content=\"QU\u00c8 \u00c9S UNA COOKIE? PER A QU\u00c8 SERVEIXEN? Les cookies s\u00f3n fitxers de text que es baixen en l&#8217;equip terminal de l&#8217;usuari (ordinador, tauleta, tel\u00e8fon m\u00f2bil&#8230;) i que es guarden en la mem\u00f2ria del navegador. Amb la navegaci\u00f3 per la web de Foot Analytics presteu el consentiment a rebre aquestes cookies. Les cookies s\u00f3n necess\u00e0ries [&hellip;]\" \/>\n<meta property=\"og:url\" content=\"https:\/\/footanalytics.com\/ca\/politica-de-cookies\/\" \/>\n<meta property=\"og:site_name\" content=\"Foot Analytics\" \/>\n<meta property=\"article:modified_time\" content=\"2024-10-15T10:59:19+00:00\" \/>\n<meta name=\"twitter:card\" content=\"summary_large_image\" \/>\n<meta name=\"twitter:label1\" content=\"Temps estimat de lectura\" \/>\n\t<meta name=\"twitter:data1\" content=\"2 minuts\" \/>\n<script type=\"application\/ld+json\" class=\"yoast-schema-graph\">{\"@context\":\"https:\/\/schema.org\",\"@graph\":[{\"@type\":\"WebPage\",\"@id\":\"https:\/\/footanalytics.com\/ca\/politica-de-cookies\/\",\"url\":\"https:\/\/footanalytics.com\/ca\/politica-de-cookies\/\",\"name\":\"Pol\u00edtica de cookies - Foot Analytics\",\"isPartOf\":{\"@id\":\"https:\/\/footanalytics.com\/ca\/#website\"},\"datePublished\":\"2024-10-15T10:29:45+00:00\",\"dateModified\":\"2024-10-15T10:59:19+00:00\",\"breadcrumb\":{\"@id\":\"https:\/\/footanalytics.com\/ca\/politica-de-cookies\/#breadcrumb\"},\"inLanguage\":\"ca\",\"potentialAction\":[{\"@type\":\"ReadAction\",\"target\":[\"https:\/\/footanalytics.com\/ca\/politica-de-cookies\/\"]}]},{\"@type\":\"BreadcrumbList\",\"@id\":\"https:\/\/footanalytics.com\/ca\/politica-de-cookies\/#breadcrumb\",\"itemListElement\":[{\"@type\":\"ListItem\",\"position\":1,\"name\":\"Home\",\"item\":\"https:\/\/footanalytics.com\/ca\/\"},{\"@type\":\"ListItem\",\"position\":2,\"name\":\"Pol\u00edtica de cookies\"}]},{\"@type\":\"WebSite\",\"@id\":\"https:\/\/footanalytics.com\/ca\/#website\",\"url\":\"https:\/\/footanalytics.com\/ca\/\",\"name\":\"Foot Analytics\",\"description\":\"\",\"potentialAction\":[{\"@type\":\"SearchAction\",\"target\":{\"@type\":\"EntryPoint\",\"urlTemplate\":\"https:\/\/footanalytics.com\/ca\/?s={search_term_string}\"},\"query-input\":{\"@type\":\"PropertyValueSpecification\",\"valueRequired\":true,\"valueName\":\"search_term_string\"}}],\"inLanguage\":\"ca\"}]}<\/script>\n<!-- \/ Yoast SEO plugin. -->","yoast_head_json":{"title":"Pol\u00edtica de cookies - Foot Analytics","robots":{"index":"index","follow":"follow","max-snippet":"max-snippet:-1","max-image-preview":"max-image-preview:large","max-video-preview":"max-video-preview:-1"},"canonical":"https:\/\/footanalytics.com\/ca\/politica-de-cookies\/","og_locale":"ca_ES","og_type":"article","og_title":"Pol\u00edtica de cookies - Foot Analytics","og_description":"QU\u00c8 \u00c9S UNA COOKIE? PER A QU\u00c8 SERVEIXEN? Les cookies s\u00f3n fitxers de text que es baixen en l&#8217;equip terminal de l&#8217;usuari (ordinador, tauleta, tel\u00e8fon m\u00f2bil&#8230;) i que es guarden en la mem\u00f2ria del navegador. Amb la navegaci\u00f3 per la web de Foot Analytics presteu el consentiment a rebre aquestes cookies. Les cookies s\u00f3n necess\u00e0ries [&hellip;]","og_url":"https:\/\/footanalytics.com\/ca\/politica-de-cookies\/","og_site_name":"Foot Analytics","article_modified_time":"2024-10-15T10:59:19+00:00","twitter_card":"summary_large_image","twitter_misc":{"Temps estimat de lectura":"2 minuts"},"schema":{"@context":"https:\/\/schema.org","@graph":[{"@type":"WebPage","@id":"https:\/\/footanalytics.com\/ca\/politica-de-cookies\/","url":"https:\/\/footanalytics.com\/ca\/politica-de-cookies\/","name":"Pol\u00edtica de cookies - Foot Analytics","isPartOf":{"@id":"https:\/\/footanalytics.com\/ca\/#website"},"datePublished":"2024-10-15T10:29:45+00:00","dateModified":"2024-10-15T10:59:19+00:00","breadcrumb":{"@id":"https:\/\/footanalytics.com\/ca\/politica-de-cookies\/#breadcrumb"},"inLanguage":"ca","potentialAction":[{"@type":"ReadAction","target":["https:\/\/footanalytics.com\/ca\/politica-de-cookies\/"]}]},{"@type":"BreadcrumbList","@id":"https:\/\/footanalytics.com\/ca\/politica-de-cookies\/#breadcrumb","itemListElement":[{"@type":"ListItem","position":1,"name":"Home","item":"https:\/\/footanalytics.com\/ca\/"},{"@type":"ListItem","position":2,"name":"Pol\u00edtica de cookies"}]},{"@type":"WebSite","@id":"https:\/\/footanalytics.com\/ca\/#website","url":"https:\/\/footanalytics.com\/ca\/","name":"Foot Analytics","description":"","potentialAction":[{"@type":"SearchAction","target":{"@type":"EntryPoint","urlTemplate":"https:\/\/footanalytics.com\/ca\/?s={search_term_string}"},"query-input":{"@type":"PropertyValueSpecification","valueRequired":true,"valueName":"search_term_string"}}],"inLanguage":"ca"}]}},"_links":{"self":[{"href":"https:\/\/footanalytics.com\/ca\/wp-json\/wp\/v2\/pages\/1343"}],"collection":[{"href":"https:\/\/footanalytics.com\/ca\/wp-json\/wp\/v2\/pages"}],"about":[{"href":"https:\/\/footanalytics.com\/ca\/wp-json\/wp\/v2\/types\/page"}],"author":[{"embeddable":true,"href":"https:\/\/footanalytics.com\/ca\/wp-json\/wp\/v2\/users\/2"}],"replies":[{"embeddable":true,"href":"https:\/\/footanalytics.com\/ca\/wp-json\/wp\/v2\/comments?post=1343"}],"version-history":[{"count":2,"href":"https:\/\/footanalytics.com\/ca\/wp-json\/wp\/v2\/pages\/1343\/revisions"}],"predecessor-version":[{"id":1352,"href":"https:\/\/footanalytics.com\/ca\/wp-json\/wp\/v2\/pages\/1343\/revisions\/1352"}],"wp:attachment":[{"href":"https:\/\/footanalytics.com\/ca\/wp-json\/wp\/v2\/media?parent=1343"}],"curies":[{"name":"wp","href":"https:\/\/api.w.org\/{rel}","templated":true}]}}