{"id":1271,"date":"2024-10-15T06:39:47","date_gmt":"2024-10-15T06:39:47","guid":{"rendered":"https:\/\/footanalytics.com\/?page_id=1271"},"modified":"2024-10-22T14:49:14","modified_gmt":"2024-10-22T14:49:14","slug":"equip","status":"publish","type":"page","link":"https:\/\/footanalytics.com\/ca\/equip\/","title":{"rendered":"Equip"},"content":{"rendered":"","protected":false},"excerpt":{"rendered":"","protected":false},"author":2,"featured_media":0,"parent":0,"menu_order":0,"comment_status":"closed","ping_status":"closed","template":"","meta":{"_acf_changed":false,"footnotes":""},"class_list":["post-1271","page","type-page","status-publish","hentry"],"acf":[],"yoast_head":"<!-- This site is optimized with the Yoast SEO plugin v23.8 - https:\/\/yoast.com\/wordpress\/plugins\/seo\/ -->\n<title>Equip - Foot Analytics<\/title>\n<meta name=\"description\" content=\"Fa m\u00e9s d\u2019una d\u00e8cada, a Foot Analytics ens vam proposar un ambici\u00f3s objectiu: portar al m\u00f3n f\u00edsic el nivell d\u2019anal\u00edtica i dades que ja gaudia el m\u00f3n on line\" \/>\n<meta name=\"robots\" content=\"index, follow, max-snippet:-1, max-image-preview:large, max-video-preview:-1\" \/>\n<link rel=\"canonical\" href=\"https:\/\/footanalytics.com\/ca\/equip\/\" \/>\n<meta property=\"og:locale\" content=\"ca_ES\" \/>\n<meta property=\"og:type\" content=\"article\" \/>\n<meta property=\"og:title\" content=\"Equip - Foot Analytics\" \/>\n<meta property=\"og:description\" content=\"Fa m\u00e9s d\u2019una d\u00e8cada, a Foot Analytics ens vam proposar un ambici\u00f3s objectiu: portar al m\u00f3n f\u00edsic el nivell d\u2019anal\u00edtica i dades que ja gaudia el m\u00f3n on line\" \/>\n<meta property=\"og:url\" content=\"https:\/\/footanalytics.com\/ca\/equip\/\" \/>\n<meta property=\"og:site_name\" content=\"Foot Analytics\" \/>\n<meta property=\"article:modified_time\" content=\"2024-10-22T14:49:14+00:00\" \/>\n<meta name=\"twitter:card\" content=\"summary_large_image\" \/>\n<script type=\"application\/ld+json\" class=\"yoast-schema-graph\">{\"@context\":\"https:\/\/schema.org\",\"@graph\":[{\"@type\":\"WebPage\",\"@id\":\"https:\/\/footanalytics.com\/ca\/equip\/\",\"url\":\"https:\/\/footanalytics.com\/ca\/equip\/\",\"name\":\"Equip - Foot Analytics\",\"isPartOf\":{\"@id\":\"https:\/\/footanalytics.com\/ca\/#website\"},\"datePublished\":\"2024-10-15T06:39:47+00:00\",\"dateModified\":\"2024-10-22T14:49:14+00:00\",\"description\":\"Fa m\u00e9s d\u2019una d\u00e8cada, a Foot Analytics ens vam proposar un ambici\u00f3s objectiu: portar al m\u00f3n f\u00edsic el nivell d\u2019anal\u00edtica i dades que ja gaudia el m\u00f3n on line\",\"breadcrumb\":{\"@id\":\"https:\/\/footanalytics.com\/ca\/equip\/#breadcrumb\"},\"inLanguage\":\"ca\",\"potentialAction\":[{\"@type\":\"ReadAction\",\"target\":[\"https:\/\/footanalytics.com\/ca\/equip\/\"]}]},{\"@type\":\"BreadcrumbList\",\"@id\":\"https:\/\/footanalytics.com\/ca\/equip\/#breadcrumb\",\"itemListElement\":[{\"@type\":\"ListItem\",\"position\":1,\"name\":\"Home\",\"item\":\"https:\/\/footanalytics.com\/ca\/\"},{\"@type\":\"ListItem\",\"position\":2,\"name\":\"Equip\"}]},{\"@type\":\"WebSite\",\"@id\":\"https:\/\/footanalytics.com\/ca\/#website\",\"url\":\"https:\/\/footanalytics.com\/ca\/\",\"name\":\"Foot Analytics\",\"description\":\"\",\"potentialAction\":[{\"@type\":\"SearchAction\",\"target\":{\"@type\":\"EntryPoint\",\"urlTemplate\":\"https:\/\/footanalytics.com\/ca\/?s={search_term_string}\"},\"query-input\":{\"@type\":\"PropertyValueSpecification\",\"valueRequired\":true,\"valueName\":\"search_term_string\"}}],\"inLanguage\":\"ca\"}]}<\/script>\n<!-- \/ Yoast SEO plugin. -->","yoast_head_json":{"title":"Equip - Foot Analytics","description":"Fa m\u00e9s d\u2019una d\u00e8cada, a Foot Analytics ens vam proposar un ambici\u00f3s objectiu: portar al m\u00f3n f\u00edsic el nivell d\u2019anal\u00edtica i dades que ja gaudia el m\u00f3n on line","robots":{"index":"index","follow":"follow","max-snippet":"max-snippet:-1","max-image-preview":"max-image-preview:large","max-video-preview":"max-video-preview:-1"},"canonical":"https:\/\/footanalytics.com\/ca\/equip\/","og_locale":"ca_ES","og_type":"article","og_title":"Equip - Foot Analytics","og_description":"Fa m\u00e9s d\u2019una d\u00e8cada, a Foot Analytics ens vam proposar un ambici\u00f3s objectiu: portar al m\u00f3n f\u00edsic el nivell d\u2019anal\u00edtica i dades que ja gaudia el m\u00f3n on line","og_url":"https:\/\/footanalytics.com\/ca\/equip\/","og_site_name":"Foot Analytics","article_modified_time":"2024-10-22T14:49:14+00:00","twitter_card":"summary_large_image","schema":{"@context":"https:\/\/schema.org","@graph":[{"@type":"WebPage","@id":"https:\/\/footanalytics.com\/ca\/equip\/","url":"https:\/\/footanalytics.com\/ca\/equip\/","name":"Equip - Foot Analytics","isPartOf":{"@id":"https:\/\/footanalytics.com\/ca\/#website"},"datePublished":"2024-10-15T06:39:47+00:00","dateModified":"2024-10-22T14:49:14+00:00","description":"Fa m\u00e9s d\u2019una d\u00e8cada, a Foot Analytics ens vam proposar un ambici\u00f3s objectiu: portar al m\u00f3n f\u00edsic el nivell d\u2019anal\u00edtica i dades que ja gaudia el m\u00f3n on line","breadcrumb":{"@id":"https:\/\/footanalytics.com\/ca\/equip\/#breadcrumb"},"inLanguage":"ca","potentialAction":[{"@type":"ReadAction","target":["https:\/\/footanalytics.com\/ca\/equip\/"]}]},{"@type":"BreadcrumbList","@id":"https:\/\/footanalytics.com\/ca\/equip\/#breadcrumb","itemListElement":[{"@type":"ListItem","position":1,"name":"Home","item":"https:\/\/footanalytics.com\/ca\/"},{"@type":"ListItem","position":2,"name":"Equip"}]},{"@type":"WebSite","@id":"https:\/\/footanalytics.com\/ca\/#website","url":"https:\/\/footanalytics.com\/ca\/","name":"Foot Analytics","description":"","potentialAction":[{"@type":"SearchAction","target":{"@type":"EntryPoint","urlTemplate":"https:\/\/footanalytics.com\/ca\/?s={search_term_string}"},"query-input":{"@type":"PropertyValueSpecification","valueRequired":true,"valueName":"search_term_string"}}],"inLanguage":"ca"}]}},"_links":{"self":[{"href":"https:\/\/footanalytics.com\/ca\/wp-json\/wp\/v2\/pages\/1271"}],"collection":[{"href":"https:\/\/footanalytics.com\/ca\/wp-json\/wp\/v2\/pages"}],"about":[{"href":"https:\/\/footanalytics.com\/ca\/wp-json\/wp\/v2\/types\/page"}],"author":[{"embeddable":true,"href":"https:\/\/footanalytics.com\/ca\/wp-json\/wp\/v2\/users\/2"}],"replies":[{"embeddable":true,"href":"https:\/\/footanalytics.com\/ca\/wp-json\/wp\/v2\/comments?post=1271"}],"version-history":[{"count":8,"href":"https:\/\/footanalytics.com\/ca\/wp-json\/wp\/v2\/pages\/1271\/revisions"}],"predecessor-version":[{"id":1511,"href":"https:\/\/footanalytics.com\/ca\/wp-json\/wp\/v2\/pages\/1271\/revisions\/1511"}],"wp:attachment":[{"href":"https:\/\/footanalytics.com\/ca\/wp-json\/wp\/v2\/media?parent=1271"}],"curies":[{"name":"wp","href":"https:\/\/api.w.org\/{rel}","templated":true}]}}