{"id":1141,"date":"2024-08-23T12:04:17","date_gmt":"2024-08-23T12:04:17","guid":{"rendered":"https:\/\/footanalytics.com\/politica-de-privadesa\/"},"modified":"2025-06-11T17:28:09","modified_gmt":"2025-06-11T17:28:09","slug":"politica-de-privadesa","status":"publish","type":"page","link":"https:\/\/footanalytics.com\/ca\/politica-de-privadesa\/","title":{"rendered":"Pol\u00edtica de privadesa"},"content":{"rendered":"<p data-start=\"78\" data-end=\"128\"><strong data-start=\"78\" data-end=\"128\">I. POL\u00cdTICA DE PRIVACITAT I PROTECCI\u00d3 DE DADES<\/strong><\/p>\n<p data-start=\"130\" data-end=\"370\">En compliment de la legislaci\u00f3 vigent, Foot Analytics (d&#8217;ara endavant, tamb\u00e9 el Lloc Web) es compromet a adoptar les mesures t\u00e8cniques i organitzatives necess\u00e0ries, adequades al nivell de seguretat requerit pel risc de les dades recollides.<\/p>\n<p data-start=\"372\" data-end=\"428\"><strong data-start=\"372\" data-end=\"428\">Lleis incorporades en aquesta pol\u00edtica de privacitat<\/strong><\/p>\n<p data-start=\"430\" data-end=\"607\">Aquesta pol\u00edtica de privacitat s&#8217;adapta a la normativa espanyola i europea vigent en mat\u00e8ria de protecci\u00f3 de dades personals a internet. Concretament, compleix amb les seg\u00fcents:<\/p>\n<ul data-start=\"609\" data-end=\"1257\">\n<li data-start=\"609\" data-end=\"835\">\n<p data-start=\"611\" data-end=\"835\">Reglament (UE) 2016\/679 del Parlament Europeu i del Consell de 27 d&#8217;abril de 2016 (RGPD), relatiu a la protecci\u00f3 de les persones f\u00edsiques pel que fa al tractament de dades personals i a la lliure circulaci\u00f3 d&#8217;aquestes dades.<\/p>\n<\/li>\n<li data-start=\"836\" data-end=\"952\">\n<p data-start=\"838\" data-end=\"952\">Llei Org\u00e0nica 3\/2018, de 5 de desembre, de Protecci\u00f3 de Dades Personals i garantia dels drets digitals (LOPD-GDD).<\/p>\n<\/li>\n<li data-start=\"953\" data-end=\"1148\">\n<p data-start=\"955\" data-end=\"1148\">Reial decret 1720\/2007, de 21 de desembre, pel qual s&#8217;aprova el Reglament de desenvolupament de la Llei Org\u00e0nica 15\/1999, de 13 de desembre, de Protecci\u00f3 de Dades de Car\u00e0cter Personal (RDLOPD).<\/p>\n<\/li>\n<li data-start=\"1149\" data-end=\"1257\">\n<p data-start=\"1151\" data-end=\"1257\">Llei 34\/2002, d&#8217;11 de juliol, de Serveis de la Societat de la Informaci\u00f3 i de Comer\u00e7 Electr\u00f2nic (LSSI-CE).<\/p>\n<\/li>\n<\/ul>\n<p data-start=\"1302\" data-end=\"1369\"><strong data-start=\"1302\" data-end=\"1369\">Identitat del responsable del tractament de les dades personals<\/strong><\/p>\n<p data-start=\"1371\" data-end=\"1705\">El responsable del tractament de les dades personals recollides a Foot Analytics \u00e9s: Foot Analytics S.L., amb NIF\/CIF: B66122391 i inscrita a: Barcelona, tom 43975, foli 0201, fulla 443434, inscripci\u00f3 1a. Les seves dades de contacte s\u00f3n les seg\u00fcents:<\/p>\n<p data-start=\"1707\" data-end=\"1916\"><strong data-start=\"1707\" data-end=\"1718\">Adre\u00e7a:<\/strong> Carrer d&#8217;Aribau, 230-240, 8a planta, Local D-E, Districte de Sarri\u00e0-Sant Gervasi, 08006 Barcelona<br data-start=\"1816\" data-end=\"1819\" \/><strong data-start=\"1819\" data-end=\"1843\">Tel\u00e8fon de contacte:<\/strong> 935 51 14 08<br data-start=\"1856\" data-end=\"1859\" \/><strong data-start=\"1859\" data-end=\"1893\">Correu electr\u00f2nic de contacte:<\/strong> <a class=\"cursor-pointer\" rel=\"noopener\" data-start=\"1894\" data-end=\"1916\">info@footanalytics.com<\/a><\/p>\n<p data-start=\"2659\" data-end=\"2701\"><strong data-start=\"2659\" data-end=\"2701\">Registre de dades de car\u00e0cter personal<\/strong><\/p>\n<p data-start=\"2703\" data-end=\"3292\">D&#8217;acord amb el RGPD i la LOPD-GDD, us informem que les dades personals recollides mitjan\u00e7ant els formularis del nostre lloc web seran incorporades i tractades en els nostres fitxers amb la finalitat de facilitar, agilitzar i complir els compromisos establerts entre Foot Analytics i l&#8217;usuari, o per mantenir la relaci\u00f3 establerta en els formularis, o per respondre a una sol\u00b7licitud o consulta. A m\u00e9s, llevat que s&#8217;apliqui l&#8217;excepci\u00f3 prevista a l&#8217;article 30.5 del RGPD, mantenim un registre d&#8217;activitats de tractament que indica les finalitats i circumst\u00e0ncies de cada tractament de dades.<\/p>\n<p data-start=\"3294\" data-end=\"3351\"><strong data-start=\"3294\" data-end=\"3351\">Principis aplicables al tractament de dades personals<\/strong><\/p>\n<p data-start=\"3353\" data-end=\"3500\">El tractament de dades personals es sotmetr\u00e0 als principis establerts a l&#8217;article 5 del RGPD i a l&#8217;article 4 i seg\u00fcents de la Llei Org\u00e0nica 3\/2018:<\/p>\n<ul data-start=\"3502\" data-end=\"3701\">\n<li data-start=\"3502\" data-end=\"3538\">\n<p data-start=\"3504\" data-end=\"3538\">Licitud, lleialtat i transpar\u00e8ncia<\/p>\n<\/li>\n<li data-start=\"3539\" data-end=\"3566\">\n<p data-start=\"3541\" data-end=\"3566\">Limitaci\u00f3 de la finalitat<\/p>\n<\/li>\n<li data-start=\"3567\" data-end=\"3590\">\n<p data-start=\"3569\" data-end=\"3590\">Minimitzaci\u00f3 de dades<\/p>\n<\/li>\n<li data-start=\"3591\" data-end=\"3602\">\n<p data-start=\"3593\" data-end=\"3602\">Exactitud<\/p>\n<\/li>\n<li data-start=\"3603\" data-end=\"3641\">\n<p data-start=\"3605\" data-end=\"3641\">Limitaci\u00f3 del termini de conservaci\u00f3<\/p>\n<\/li>\n<li data-start=\"3642\" data-end=\"3673\">\n<p data-start=\"3644\" data-end=\"3673\">Integritat i confidencialitat<\/p>\n<\/li>\n<li data-start=\"3674\" data-end=\"3701\">\n<p data-start=\"3676\" data-end=\"3701\">Responsabilitat proactiva<\/p>\n<\/li>\n<\/ul>\n<p data-start=\"3703\" data-end=\"3736\"><strong data-start=\"3703\" data-end=\"3736\">Categories de dades personals<\/strong><\/p>\n<p data-start=\"3738\" data-end=\"3860\">Nom\u00e9s es tracten dades identificatives. No es tracten categories especials de dades personals segons l&#8217;article 9 del RGPD.<\/p>\n<p data-start=\"3862\" data-end=\"3894\"><strong data-start=\"3862\" data-end=\"3894\">Base legal per al tractament<\/strong><\/p>\n<p data-start=\"3896\" data-end=\"4186\">La base legal \u00e9s el consentiment de l&#8217;usuari. Foot Analytics es compromet a obtenir un consentiment expl\u00edcit i verificable per a finalitats espec\u00edfiques. L&#8217;usuari pot retirar el consentiment en qualsevol moment, tan f\u00e0cilment com el va proporcionar, sense que aix\u00f2 afecti l&#8217;\u00fas del lloc web.<\/p>\n<p data-start=\"4188\" data-end=\"4217\"><strong data-start=\"4188\" data-end=\"4217\">Finalitats del tractament<\/strong><\/p>\n<p data-start=\"4219\" data-end=\"4561\">Les dades es recullen per complir la relaci\u00f3 amb l&#8217;usuari, respondre a consultes i gestionar sol\u00b7licituds. Tamb\u00e9 poden utilitzar-se per a finalitats personalitzades, operatives, estad\u00edstiques i de m\u00e0rqueting relacionades amb els serveis de Foot Analytics i per millorar el contingut, la qualitat, la funcionalitat i la navegaci\u00f3 del lloc web.<\/p>\n<p data-start=\"4563\" data-end=\"4660\">Els usuaris seran informats de les finalitats espec\u00edfiques en el moment de la recollida de dades.<\/p>\n<p data-start=\"4662\" data-end=\"4702\"><strong data-start=\"4662\" data-end=\"4702\">Per\u00edodes de conservaci\u00f3 de les dades<\/strong><\/p>\n<ul data-start=\"4704\" data-end=\"5150\">\n<li data-start=\"4704\" data-end=\"4791\">\n<p data-start=\"4706\" data-end=\"4791\">Dades del formulari de contacte: es conservaran mentre sigui necessari per respondre.<\/p>\n<\/li>\n<li data-start=\"4792\" data-end=\"4926\">\n<p data-start=\"4794\" data-end=\"4926\">Dades del formulari de comandes: es conservaran durant la relaci\u00f3 contractual\/comercial, tret que l&#8217;usuari exerceixi els seus drets.<\/p>\n<\/li>\n<li data-start=\"4927\" data-end=\"5059\">\n<p data-start=\"4929\" data-end=\"5059\">Un cop finalitzada la relaci\u00f3, les dades es bloquejaran i es conservaran nom\u00e9s per a obligacions legals, judicials o contractuals.<\/p>\n<\/li>\n<li data-start=\"5060\" data-end=\"5150\">\n<p data-start=\"5062\" data-end=\"5150\">Per a comunicacions comercials: es conservaran fins que l&#8217;usuari retiri el consentiment.<\/p>\n<\/li>\n<\/ul>\n<p data-start=\"5152\" data-end=\"5191\"><strong data-start=\"5152\" data-end=\"5191\">Destinataris de les dades personals<\/strong><\/p>\n<p data-start=\"5193\" data-end=\"5239\">Les dades dels usuaris poden compartir-se amb:<\/p>\n<ul data-start=\"5241\" data-end=\"5650\">\n<li data-start=\"5241\" data-end=\"5301\">\n<p data-start=\"5243\" data-end=\"5301\">SENDINBLUE (FR804980192), per a l&#8217;enviament de butlletins.<\/p>\n<\/li>\n<li data-start=\"5302\" data-end=\"5383\">\n<p data-start=\"5304\" data-end=\"5383\">IONOS Cloud S.L. (B85049435), per al processament de dades dels formularis web.<\/p>\n<\/li>\n<li data-start=\"5384\" data-end=\"5488\">\n<p data-start=\"5386\" data-end=\"5488\">HORNETSECURITY IBERIA S.L. (B63952485), per a c\u00f2pies de seguretat de serveis com el correu electr\u00f2nic.<\/p>\n<\/li>\n<li data-start=\"5489\" data-end=\"5586\">\n<p data-start=\"5491\" data-end=\"5586\">AMAZON WEB SERVICES EMEA SARL, Sucursal a Espanya (W0185696B), per a l&#8217;emmagatzematge de dades.<\/p>\n<\/li>\n<li data-start=\"5587\" data-end=\"5650\">\n<p data-start=\"5589\" data-end=\"5650\">OVH HISPANO S.L.U. (B83834747), per a l&#8217;allotjament de dades.<\/p>\n<\/li>\n<\/ul>\n<p data-start=\"5652\" data-end=\"5786\">Si les dades es transfereixen a un tercer pa\u00eds o organitzaci\u00f3 internacional, els usuaris seran informats en el moment de la recollida.<\/p>\n<p data-start=\"5788\" data-end=\"5817\"><strong data-start=\"5788\" data-end=\"5817\">Dades personals de menors<\/strong><\/p>\n<p data-start=\"5819\" data-end=\"5955\">Nom\u00e9s els majors de 14 anys poden donar consentiment v\u00e0lid. Per a menors de 14 anys, el consentiment ha de provenir dels pares o tutors.<\/p>\n<p data-start=\"5957\" data-end=\"6002\"><strong data-start=\"5957\" data-end=\"6002\">Seguretat i confidencialitat de les dades<\/strong><\/p>\n<p data-start=\"6004\" data-end=\"6392\">Foot Analytics adoptar\u00e0 les mesures t\u00e8cniques i organitzatives necess\u00e0ries per garantir la seguretat de les dades. El lloc web utilitza xifratge SSL. Tot i aix\u00f2, mentre es fan esfor\u00e7os per protegir les dades, no es pot garantir una seguretat absoluta. En cas de violaci\u00f3 de dades que pugui suposar un alt risc per als drets i llibertats, els usuaris seran informats sense demora indeguda.<\/p>\n<p data-start=\"6394\" data-end=\"6522\">Totes les dades es tracten com a confidencials. Els empleats i tercers amb acc\u00e9s estaran subjectes a acords de confidencialitat.<\/p>\n<p data-start=\"6524\" data-end=\"6546\"><strong data-start=\"6524\" data-end=\"6546\">Drets dels usuaris<\/strong><\/p>\n<p data-start=\"6548\" data-end=\"6626\">Els usuaris tenen els seg\u00fcents drets segons el RGPD i la Llei Org\u00e0nica 3\/2018:<\/p>\n<ul data-start=\"6628\" data-end=\"6788\">\n<li data-start=\"6628\" data-end=\"6635\">\n<p data-start=\"6630\" data-end=\"6635\">Acc\u00e9s<\/p>\n<\/li>\n<li data-start=\"6636\" data-end=\"6650\">\n<p data-start=\"6638\" data-end=\"6650\">Rectificaci\u00f3<\/p>\n<\/li>\n<li data-start=\"6651\" data-end=\"6681\">\n<p data-start=\"6653\" data-end=\"6681\">Supressi\u00f3 (&#8220;dret a l&#8217;oblit&#8221;)<\/p>\n<\/li>\n<li data-start=\"6682\" data-end=\"6708\">\n<p data-start=\"6684\" data-end=\"6708\">Limitaci\u00f3 del tractament<\/p>\n<\/li>\n<li data-start=\"6709\" data-end=\"6732\">\n<p data-start=\"6711\" data-end=\"6732\">Portabilitat de dades<\/p>\n<\/li>\n<li data-start=\"6733\" data-end=\"6743\">\n<p data-start=\"6735\" data-end=\"6743\">Oposici\u00f3<\/p>\n<\/li>\n<li data-start=\"6744\" data-end=\"6788\">\n<p data-start=\"6746\" data-end=\"6788\">No ser objecte de decisions automatitzades<\/p>\n<\/li>\n<\/ul>\n<p data-start=\"6790\" data-end=\"6883\">Per exercir els drets, envieu una sol\u00b7licitud escrita al Responsable del tractament incloent:<\/p>\n<ul data-start=\"6885\" data-end=\"7011\">\n<li data-start=\"6885\" data-end=\"6914\">\n<p data-start=\"6887\" data-end=\"6914\">Nom complet i c\u00f2pia del DNI<\/p>\n<\/li>\n<li data-start=\"6915\" data-end=\"6942\">\n<p data-start=\"6917\" data-end=\"6942\">Detalls de la sol\u00b7licitud<\/p>\n<\/li>\n<li data-start=\"6943\" data-end=\"6966\">\n<p data-start=\"6945\" data-end=\"6966\">Adre\u00e7a de notificaci\u00f3<\/p>\n<\/li>\n<li data-start=\"6967\" data-end=\"6985\">\n<p data-start=\"6969\" data-end=\"6985\">Data i signatura<\/p>\n<\/li>\n<li data-start=\"6986\" data-end=\"7011\">\n<p data-start=\"6988\" data-end=\"7011\">Documents justificatius<\/p>\n<\/li>\n<\/ul>\n<p data-start=\"7013\" data-end=\"7022\">Envieu a:<\/p>\n<p data-start=\"7024\" data-end=\"7095\">Adre\u00e7a: Carrer d&#8217;Aribau, 230-240, 8a planta, Local D-E, 08006 Barcelona<\/p>\n<p data-start=\"7097\" data-end=\"7137\">Correu electr\u00f2nic: info@<a class=\"cursor-pointer\" rel=\"noopener\" data-start=\"7116\" data-end=\"7137\">footanalytics.com<\/a><\/p>\n<p data-start=\"7139\" data-end=\"7174\"><strong data-start=\"7139\" data-end=\"7174\">Enlla\u00e7os a llocs web de tercers<\/strong><\/p>\n<p data-start=\"7176\" data-end=\"7342\">Aquest lloc web pot contenir enlla\u00e7os a llocs web de tercers amb les seves pr\u00f2pies pol\u00edtiques de privacitat. Foot Analytics no \u00e9s responsable de les seves pr\u00e0ctiques.<\/p>\n<p data-start=\"7344\" data-end=\"7388\"><strong data-start=\"7344\" data-end=\"7388\">Reclamacions a les autoritats de control<\/strong><\/p>\n<p data-start=\"7390\" data-end=\"7648\">Si un usuari considera que hi ha una infracci\u00f3 de la normativa de protecci\u00f3 de dades, pot presentar una reclamaci\u00f3 a l&#8217;autoritat competent, generalment al seu pa\u00eds de resid\u00e8ncia. A Espanya, \u00e9s l&#8217;Ag\u00e8ncia Espanyola de Protecci\u00f3 de Dades (<a class=\"\" href=\"https:\/\/www.aepd.es\/\" target=\"_new\" rel=\"noopener\" data-start=\"7626\" data-end=\"7646\">https:\/\/www.aepd.es\/<\/a>).<\/p>\n<hr data-start=\"7650\" data-end=\"7653\" \/>\n<p data-start=\"7655\" data-end=\"7716\"><strong data-start=\"7655\" data-end=\"7716\">II. ACCEPTACI\u00d3 I CANVIS EN AQUESTA POL\u00cdTICA DE PRIVACITAT<\/strong><\/p>\n<p data-start=\"7718\" data-end=\"7889\">En utilitzar el lloc web, els usuaris confirmen que han llegit i accepten aquesta Pol\u00edtica de Privacitat i el tractament de les seves dades personals tal com s&#8217;ha descrit.<\/p>\n<p data-start=\"7891\" data-end=\"8146\">Foot Analytics es reserva el dret de modificar aquesta pol\u00edtica segons el seu propi criteri o per canvis legislatius, jurisprudencials o orientacions de l&#8217;Ag\u00e8ncia Espanyola de Protecci\u00f3 de Dades. Es recomana als usuaris revisar aquesta p\u00e0gina regularment.<\/p>\n<p data-start=\"8148\" data-end=\"8252\">Aquesta pol\u00edtica es va actualitzar per complir amb el Reglament (UE) 2016\/679 i la Llei Org\u00e0nica 3\/2018.<\/p>\n","protected":false},"excerpt":{"rendered":"<p>I. POL\u00cdTICA DE PRIVACITAT I PROTECCI\u00d3 DE DADES En compliment de la legislaci\u00f3 vigent, Foot Analytics (d&#8217;ara endavant, tamb\u00e9 el Lloc Web) es compromet a adoptar les mesures t\u00e8cniques i organitzatives necess\u00e0ries, adequades al nivell de seguretat requerit pel risc de les dades recollides. Lleis incorporades en aquesta pol\u00edtica de privacitat Aquesta pol\u00edtica de privacitat [&hellip;]<\/p>\n","protected":false},"author":2,"featured_media":0,"parent":0,"menu_order":0,"comment_status":"closed","ping_status":"closed","template":"templates\/legales.php","meta":{"_acf_changed":false,"footnotes":""},"class_list":["post-1141","page","type-page","status-publish","hentry"],"acf":[],"yoast_head":"<!-- This site is optimized with the Yoast SEO plugin v23.8 - https:\/\/yoast.com\/wordpress\/plugins\/seo\/ -->\n<title>Pol\u00edtica de privadesa - Foot Analytics<\/title>\n<meta name=\"description\" content=\"Llegeix la nostra Pol\u00edtica de Privadesa i descobreix com protegim les teves dades personals, garantint transpar\u00e8ncia i seguretat en l&#039;\u00fas de la teva informaci\u00f3.\" \/>\n<meta name=\"robots\" content=\"noindex, nofollow\" \/>\n<meta property=\"og:locale\" content=\"ca_ES\" \/>\n<meta property=\"og:type\" content=\"article\" \/>\n<meta property=\"og:title\" content=\"Pol\u00edtica de privadesa - Foot Analytics\" \/>\n<meta property=\"og:description\" content=\"Llegeix la nostra Pol\u00edtica de Privadesa i descobreix com protegim les teves dades personals, garantint transpar\u00e8ncia i seguretat en l&#039;\u00fas de la teva informaci\u00f3.\" \/>\n<meta property=\"og:url\" content=\"https:\/\/footanalytics.com\/ca\/politica-de-privadesa\/\" \/>\n<meta property=\"og:site_name\" content=\"Foot Analytics\" \/>\n<meta property=\"article:modified_time\" content=\"2025-06-11T17:28:09+00:00\" \/>\n<meta name=\"twitter:card\" content=\"summary_large_image\" \/>\n<meta name=\"twitter:label1\" content=\"Temps estimat de lectura\" \/>\n\t<meta name=\"twitter:data1\" content=\"5 minuts\" \/>\n<script type=\"application\/ld+json\" class=\"yoast-schema-graph\">{\"@context\":\"https:\/\/schema.org\",\"@graph\":[{\"@type\":\"WebPage\",\"@id\":\"https:\/\/footanalytics.com\/ca\/politica-de-privadesa\/\",\"url\":\"https:\/\/footanalytics.com\/ca\/politica-de-privadesa\/\",\"name\":\"Pol\u00edtica de privadesa - Foot Analytics\",\"isPartOf\":{\"@id\":\"https:\/\/footanalytics.com\/ca\/#website\"},\"datePublished\":\"2024-08-23T12:04:17+00:00\",\"dateModified\":\"2025-06-11T17:28:09+00:00\",\"description\":\"Llegeix la nostra Pol\u00edtica de Privadesa i descobreix com protegim les teves dades personals, garantint transpar\u00e8ncia i seguretat en l'\u00fas de la teva informaci\u00f3.\",\"breadcrumb\":{\"@id\":\"https:\/\/footanalytics.com\/ca\/politica-de-privadesa\/#breadcrumb\"},\"inLanguage\":\"ca\",\"potentialAction\":[{\"@type\":\"ReadAction\",\"target\":[\"https:\/\/footanalytics.com\/ca\/politica-de-privadesa\/\"]}]},{\"@type\":\"BreadcrumbList\",\"@id\":\"https:\/\/footanalytics.com\/ca\/politica-de-privadesa\/#breadcrumb\",\"itemListElement\":[{\"@type\":\"ListItem\",\"position\":1,\"name\":\"Home\",\"item\":\"https:\/\/footanalytics.com\/ca\/\"},{\"@type\":\"ListItem\",\"position\":2,\"name\":\"Pol\u00edtica de privadesa\"}]},{\"@type\":\"WebSite\",\"@id\":\"https:\/\/footanalytics.com\/ca\/#website\",\"url\":\"https:\/\/footanalytics.com\/ca\/\",\"name\":\"Foot Analytics\",\"description\":\"\",\"potentialAction\":[{\"@type\":\"SearchAction\",\"target\":{\"@type\":\"EntryPoint\",\"urlTemplate\":\"https:\/\/footanalytics.com\/ca\/?s={search_term_string}\"},\"query-input\":{\"@type\":\"PropertyValueSpecification\",\"valueRequired\":true,\"valueName\":\"search_term_string\"}}],\"inLanguage\":\"ca\"}]}<\/script>\n<!-- \/ Yoast SEO plugin. -->","yoast_head_json":{"title":"Pol\u00edtica de privadesa - Foot Analytics","description":"Llegeix la nostra Pol\u00edtica de Privadesa i descobreix com protegim les teves dades personals, garantint transpar\u00e8ncia i seguretat en l'\u00fas de la teva informaci\u00f3.","robots":{"index":"noindex","follow":"nofollow"},"og_locale":"ca_ES","og_type":"article","og_title":"Pol\u00edtica de privadesa - Foot Analytics","og_description":"Llegeix la nostra Pol\u00edtica de Privadesa i descobreix com protegim les teves dades personals, garantint transpar\u00e8ncia i seguretat en l'\u00fas de la teva informaci\u00f3.","og_url":"https:\/\/footanalytics.com\/ca\/politica-de-privadesa\/","og_site_name":"Foot Analytics","article_modified_time":"2025-06-11T17:28:09+00:00","twitter_card":"summary_large_image","twitter_misc":{"Temps estimat de lectura":"5 minuts"},"schema":{"@context":"https:\/\/schema.org","@graph":[{"@type":"WebPage","@id":"https:\/\/footanalytics.com\/ca\/politica-de-privadesa\/","url":"https:\/\/footanalytics.com\/ca\/politica-de-privadesa\/","name":"Pol\u00edtica de privadesa - Foot Analytics","isPartOf":{"@id":"https:\/\/footanalytics.com\/ca\/#website"},"datePublished":"2024-08-23T12:04:17+00:00","dateModified":"2025-06-11T17:28:09+00:00","description":"Llegeix la nostra Pol\u00edtica de Privadesa i descobreix com protegim les teves dades personals, garantint transpar\u00e8ncia i seguretat en l'\u00fas de la teva informaci\u00f3.","breadcrumb":{"@id":"https:\/\/footanalytics.com\/ca\/politica-de-privadesa\/#breadcrumb"},"inLanguage":"ca","potentialAction":[{"@type":"ReadAction","target":["https:\/\/footanalytics.com\/ca\/politica-de-privadesa\/"]}]},{"@type":"BreadcrumbList","@id":"https:\/\/footanalytics.com\/ca\/politica-de-privadesa\/#breadcrumb","itemListElement":[{"@type":"ListItem","position":1,"name":"Home","item":"https:\/\/footanalytics.com\/ca\/"},{"@type":"ListItem","position":2,"name":"Pol\u00edtica de privadesa"}]},{"@type":"WebSite","@id":"https:\/\/footanalytics.com\/ca\/#website","url":"https:\/\/footanalytics.com\/ca\/","name":"Foot Analytics","description":"","potentialAction":[{"@type":"SearchAction","target":{"@type":"EntryPoint","urlTemplate":"https:\/\/footanalytics.com\/ca\/?s={search_term_string}"},"query-input":{"@type":"PropertyValueSpecification","valueRequired":true,"valueName":"search_term_string"}}],"inLanguage":"ca"}]}},"_links":{"self":[{"href":"https:\/\/footanalytics.com\/ca\/wp-json\/wp\/v2\/pages\/1141"}],"collection":[{"href":"https:\/\/footanalytics.com\/ca\/wp-json\/wp\/v2\/pages"}],"about":[{"href":"https:\/\/footanalytics.com\/ca\/wp-json\/wp\/v2\/types\/page"}],"author":[{"embeddable":true,"href":"https:\/\/footanalytics.com\/ca\/wp-json\/wp\/v2\/users\/2"}],"replies":[{"embeddable":true,"href":"https:\/\/footanalytics.com\/ca\/wp-json\/wp\/v2\/comments?post=1141"}],"version-history":[{"count":4,"href":"https:\/\/footanalytics.com\/ca\/wp-json\/wp\/v2\/pages\/1141\/revisions"}],"predecessor-version":[{"id":2034,"href":"https:\/\/footanalytics.com\/ca\/wp-json\/wp\/v2\/pages\/1141\/revisions\/2034"}],"wp:attachment":[{"href":"https:\/\/footanalytics.com\/ca\/wp-json\/wp\/v2\/media?parent=1141"}],"curies":[{"name":"wp","href":"https:\/\/api.w.org\/{rel}","templated":true}]}}