{"id":1131,"date":"2024-07-22T11:11:15","date_gmt":"2024-07-22T11:11:15","guid":{"rendered":"https:\/\/footanalytics.com\/blog\/"},"modified":"2024-10-14T14:57:32","modified_gmt":"2024-10-14T14:57:32","slug":"blog","status":"publish","type":"page","link":"https:\/\/footanalytics.com\/ca\/blog\/","title":{"rendered":"Blog"},"content":{"rendered":"","protected":false},"excerpt":{"rendered":"","protected":false},"author":2,"featured_media":0,"parent":0,"menu_order":0,"comment_status":"closed","ping_status":"closed","template":"templates\/blog.php","meta":{"_acf_changed":false,"footnotes":""},"class_list":["post-1131","page","type-page","status-publish","hentry"],"acf":[],"yoast_head":"<!-- This site is optimized with the Yoast SEO plugin v23.8 - https:\/\/yoast.com\/wordpress\/plugins\/seo\/ -->\n<title>Blog de Foot Analytics<\/title>\n<meta name=\"description\" content=\"Descobreix com optimitzar els espais d&#039;oficina amb solucions eficients de gesti\u00f3. Consells, tend\u00e8ncies i estrat\u00e8gies per millorar la productivitat\" \/>\n<meta name=\"robots\" content=\"index, follow, max-snippet:-1, max-image-preview:large, max-video-preview:-1\" \/>\n<link rel=\"canonical\" href=\"https:\/\/footanalytics.com\/ca\/blog\/\" \/>\n<meta property=\"og:locale\" content=\"ca_ES\" \/>\n<meta property=\"og:type\" content=\"article\" \/>\n<meta property=\"og:title\" content=\"Blog de Foot Analytics\" \/>\n<meta property=\"og:description\" content=\"Descobreix com optimitzar els espais d&#039;oficina amb solucions eficients de gesti\u00f3. Consells, tend\u00e8ncies i estrat\u00e8gies per millorar la productivitat\" \/>\n<meta property=\"og:url\" content=\"https:\/\/footanalytics.com\/ca\/blog\/\" \/>\n<meta property=\"og:site_name\" content=\"Foot Analytics\" \/>\n<meta property=\"article:modified_time\" content=\"2024-10-14T14:57:32+00:00\" \/>\n<meta name=\"twitter:card\" content=\"summary_large_image\" \/>\n<script type=\"application\/ld+json\" class=\"yoast-schema-graph\">{\"@context\":\"https:\/\/schema.org\",\"@graph\":[{\"@type\":\"WebPage\",\"@id\":\"https:\/\/footanalytics.com\/ca\/blog\/\",\"url\":\"https:\/\/footanalytics.com\/ca\/blog\/\",\"name\":\"Blog de Foot Analytics\",\"isPartOf\":{\"@id\":\"https:\/\/footanalytics.com\/ca\/#website\"},\"datePublished\":\"2024-07-22T11:11:15+00:00\",\"dateModified\":\"2024-10-14T14:57:32+00:00\",\"description\":\"Descobreix com optimitzar els espais d'oficina amb solucions eficients de gesti\u00f3. Consells, tend\u00e8ncies i estrat\u00e8gies per millorar la productivitat\",\"breadcrumb\":{\"@id\":\"https:\/\/footanalytics.com\/ca\/blog\/#breadcrumb\"},\"inLanguage\":\"ca\",\"potentialAction\":[{\"@type\":\"ReadAction\",\"target\":[\"https:\/\/footanalytics.com\/ca\/blog\/\"]}]},{\"@type\":\"BreadcrumbList\",\"@id\":\"https:\/\/footanalytics.com\/ca\/blog\/#breadcrumb\",\"itemListElement\":[{\"@type\":\"ListItem\",\"position\":1,\"name\":\"Home\",\"item\":\"https:\/\/footanalytics.com\/ca\/\"},{\"@type\":\"ListItem\",\"position\":2,\"name\":\"Blog\"}]},{\"@type\":\"WebSite\",\"@id\":\"https:\/\/footanalytics.com\/ca\/#website\",\"url\":\"https:\/\/footanalytics.com\/ca\/\",\"name\":\"Foot Analytics\",\"description\":\"\",\"potentialAction\":[{\"@type\":\"SearchAction\",\"target\":{\"@type\":\"EntryPoint\",\"urlTemplate\":\"https:\/\/footanalytics.com\/ca\/?s={search_term_string}\"},\"query-input\":{\"@type\":\"PropertyValueSpecification\",\"valueRequired\":true,\"valueName\":\"search_term_string\"}}],\"inLanguage\":\"ca\"}]}<\/script>\n<!-- \/ Yoast SEO plugin. -->","yoast_head_json":{"title":"Blog de Foot Analytics","description":"Descobreix com optimitzar els espais d'oficina amb solucions eficients de gesti\u00f3. Consells, tend\u00e8ncies i estrat\u00e8gies per millorar la productivitat","robots":{"index":"index","follow":"follow","max-snippet":"max-snippet:-1","max-image-preview":"max-image-preview:large","max-video-preview":"max-video-preview:-1"},"canonical":"https:\/\/footanalytics.com\/ca\/blog\/","og_locale":"ca_ES","og_type":"article","og_title":"Blog de Foot Analytics","og_description":"Descobreix com optimitzar els espais d'oficina amb solucions eficients de gesti\u00f3. Consells, tend\u00e8ncies i estrat\u00e8gies per millorar la productivitat","og_url":"https:\/\/footanalytics.com\/ca\/blog\/","og_site_name":"Foot Analytics","article_modified_time":"2024-10-14T14:57:32+00:00","twitter_card":"summary_large_image","schema":{"@context":"https:\/\/schema.org","@graph":[{"@type":"WebPage","@id":"https:\/\/footanalytics.com\/ca\/blog\/","url":"https:\/\/footanalytics.com\/ca\/blog\/","name":"Blog de Foot Analytics","isPartOf":{"@id":"https:\/\/footanalytics.com\/ca\/#website"},"datePublished":"2024-07-22T11:11:15+00:00","dateModified":"2024-10-14T14:57:32+00:00","description":"Descobreix com optimitzar els espais d'oficina amb solucions eficients de gesti\u00f3. Consells, tend\u00e8ncies i estrat\u00e8gies per millorar la productivitat","breadcrumb":{"@id":"https:\/\/footanalytics.com\/ca\/blog\/#breadcrumb"},"inLanguage":"ca","potentialAction":[{"@type":"ReadAction","target":["https:\/\/footanalytics.com\/ca\/blog\/"]}]},{"@type":"BreadcrumbList","@id":"https:\/\/footanalytics.com\/ca\/blog\/#breadcrumb","itemListElement":[{"@type":"ListItem","position":1,"name":"Home","item":"https:\/\/footanalytics.com\/ca\/"},{"@type":"ListItem","position":2,"name":"Blog"}]},{"@type":"WebSite","@id":"https:\/\/footanalytics.com\/ca\/#website","url":"https:\/\/footanalytics.com\/ca\/","name":"Foot Analytics","description":"","potentialAction":[{"@type":"SearchAction","target":{"@type":"EntryPoint","urlTemplate":"https:\/\/footanalytics.com\/ca\/?s={search_term_string}"},"query-input":{"@type":"PropertyValueSpecification","valueRequired":true,"valueName":"search_term_string"}}],"inLanguage":"ca"}]}},"_links":{"self":[{"href":"https:\/\/footanalytics.com\/ca\/wp-json\/wp\/v2\/pages\/1131"}],"collection":[{"href":"https:\/\/footanalytics.com\/ca\/wp-json\/wp\/v2\/pages"}],"about":[{"href":"https:\/\/footanalytics.com\/ca\/wp-json\/wp\/v2\/types\/page"}],"author":[{"embeddable":true,"href":"https:\/\/footanalytics.com\/ca\/wp-json\/wp\/v2\/users\/2"}],"replies":[{"embeddable":true,"href":"https:\/\/footanalytics.com\/ca\/wp-json\/wp\/v2\/comments?post=1131"}],"version-history":[{"count":1,"href":"https:\/\/footanalytics.com\/ca\/wp-json\/wp\/v2\/pages\/1131\/revisions"}],"predecessor-version":[{"id":1155,"href":"https:\/\/footanalytics.com\/ca\/wp-json\/wp\/v2\/pages\/1131\/revisions\/1155"}],"wp:attachment":[{"href":"https:\/\/footanalytics.com\/ca\/wp-json\/wp\/v2\/media?parent=1131"}],"curies":[{"name":"wp","href":"https:\/\/api.w.org\/{rel}","templated":true}]}}