{"id":1129,"date":"2024-07-01T19:31:01","date_gmt":"2024-07-01T19:31:01","guid":{"rendered":"https:\/\/footanalytics.com\/sample-page\/"},"modified":"2024-10-14T13:46:31","modified_gmt":"2024-10-14T13:46:31","slug":"sample-page","status":"publish","type":"page","link":"https:\/\/footanalytics.com\/ca\/sample-page\/","title":{"rendered":"Sample Page"},"content":{"rendered":"\n<p>This is an example page. \u00c9s different del bloc post because que est\u00e0 en un lloc i s&#8217;hi pot veure en el seu lloc de navegaci\u00f3 (in most themes). Most people start with out page that introdu\u00efs them to potential site visitors. It might say something like this:   <\/p>\n\n<blockquote class=\"wp-block-quote is-layout-flow wp-block-quote-is-layout-flow\"><p>Hi there! I&#8217;m a bike messenger per day, aspiring actor per night, i aquest \u00e9s el meu website. I live in Los Angeles, hi ha great dog named Jack, and I like pinya colades. (And gettin&#8217; caught in the rain.)   <\/p><\/blockquote>\n\n<p>&#8230;or something like this:<\/p>\n\n<blockquote class=\"wp-block-quote is-layout-flow wp-block-quote-is-layout-flow\"><p>The XYZ Doohickey Company va ser fundada el 1971, i has be providing qualitat doohickeys al p\u00fablic sense since. Localitzats en Gotham City, XYZ employs over 2,000 people and does all kinds awesome things for the Gotham community. <\/p><\/blockquote>\n\n<p>Aix a new WordPress user, should go to <a href=\"https:\/\/footanalytics.com\/wp-admin\/\">your dashboard<\/a> to delete this page and create new pages for your content. Have fun! <\/p>\n","protected":false},"excerpt":{"rendered":"<p>This is an example page. \u00c9s different del bloc post because que est\u00e0 en un lloc i s&#8217;hi pot veure en el seu lloc de navegaci\u00f3 (in most themes). Most people start with out page that introdu\u00efs them to potential site visitors. It might say something like this: Hi there! I&#8217;m a bike messenger per [&hellip;]<\/p>\n","protected":false},"author":2,"featured_media":0,"parent":0,"menu_order":0,"comment_status":"closed","ping_status":"open","template":"","meta":{"_acf_changed":false,"footnotes":""},"class_list":["post-1129","page","type-page","status-publish","hentry"],"acf":[],"yoast_head":"<!-- This site is optimized with the Yoast SEO plugin v23.8 - https:\/\/yoast.com\/wordpress\/plugins\/seo\/ -->\n<title>Sample Page - Foot Analytics<\/title>\n<meta name=\"robots\" content=\"index, follow, max-snippet:-1, max-image-preview:large, max-video-preview:-1\" \/>\n<link rel=\"canonical\" href=\"https:\/\/footanalytics.com\/ca\/sample-page\/\" \/>\n<meta property=\"og:locale\" content=\"ca_ES\" \/>\n<meta property=\"og:type\" content=\"article\" \/>\n<meta property=\"og:title\" content=\"Sample Page - Foot Analytics\" \/>\n<meta property=\"og:description\" content=\"This is an example page. \u00c9s different del bloc post because que est\u00e0 en un lloc i s&#8217;hi pot veure en el seu lloc de navegaci\u00f3 (in most themes). Most people start with out page that introdu\u00efs them to potential site visitors. It might say something like this: Hi there! I&#8217;m a bike messenger per [&hellip;]\" \/>\n<meta property=\"og:url\" content=\"https:\/\/footanalytics.com\/ca\/sample-page\/\" \/>\n<meta property=\"og:site_name\" content=\"Foot Analytics\" \/>\n<meta property=\"article:modified_time\" content=\"2024-10-14T13:46:31+00:00\" \/>\n<meta name=\"twitter:card\" content=\"summary_large_image\" \/>\n<meta name=\"twitter:label1\" content=\"Temps estimat de lectura\" \/>\n\t<meta name=\"twitter:data1\" content=\"1 minut\" \/>\n<script type=\"application\/ld+json\" class=\"yoast-schema-graph\">{\"@context\":\"https:\/\/schema.org\",\"@graph\":[{\"@type\":\"WebPage\",\"@id\":\"https:\/\/footanalytics.com\/ca\/sample-page\/\",\"url\":\"https:\/\/footanalytics.com\/ca\/sample-page\/\",\"name\":\"Sample Page - Foot Analytics\",\"isPartOf\":{\"@id\":\"https:\/\/footanalytics.com\/ca\/#website\"},\"datePublished\":\"2024-07-01T19:31:01+00:00\",\"dateModified\":\"2024-10-14T13:46:31+00:00\",\"breadcrumb\":{\"@id\":\"https:\/\/footanalytics.com\/ca\/sample-page\/#breadcrumb\"},\"inLanguage\":\"ca\",\"potentialAction\":[{\"@type\":\"ReadAction\",\"target\":[\"https:\/\/footanalytics.com\/ca\/sample-page\/\"]}]},{\"@type\":\"BreadcrumbList\",\"@id\":\"https:\/\/footanalytics.com\/ca\/sample-page\/#breadcrumb\",\"itemListElement\":[{\"@type\":\"ListItem\",\"position\":1,\"name\":\"Home\",\"item\":\"https:\/\/footanalytics.com\/ca\/\"},{\"@type\":\"ListItem\",\"position\":2,\"name\":\"Sample Page\"}]},{\"@type\":\"WebSite\",\"@id\":\"https:\/\/footanalytics.com\/ca\/#website\",\"url\":\"https:\/\/footanalytics.com\/ca\/\",\"name\":\"Foot Analytics\",\"description\":\"\",\"potentialAction\":[{\"@type\":\"SearchAction\",\"target\":{\"@type\":\"EntryPoint\",\"urlTemplate\":\"https:\/\/footanalytics.com\/ca\/?s={search_term_string}\"},\"query-input\":{\"@type\":\"PropertyValueSpecification\",\"valueRequired\":true,\"valueName\":\"search_term_string\"}}],\"inLanguage\":\"ca\"}]}<\/script>\n<!-- \/ Yoast SEO plugin. -->","yoast_head_json":{"title":"Sample Page - Foot Analytics","robots":{"index":"index","follow":"follow","max-snippet":"max-snippet:-1","max-image-preview":"max-image-preview:large","max-video-preview":"max-video-preview:-1"},"canonical":"https:\/\/footanalytics.com\/ca\/sample-page\/","og_locale":"ca_ES","og_type":"article","og_title":"Sample Page - Foot Analytics","og_description":"This is an example page. \u00c9s different del bloc post because que est\u00e0 en un lloc i s&#8217;hi pot veure en el seu lloc de navegaci\u00f3 (in most themes). Most people start with out page that introdu\u00efs them to potential site visitors. It might say something like this: Hi there! I&#8217;m a bike messenger per [&hellip;]","og_url":"https:\/\/footanalytics.com\/ca\/sample-page\/","og_site_name":"Foot Analytics","article_modified_time":"2024-10-14T13:46:31+00:00","twitter_card":"summary_large_image","twitter_misc":{"Temps estimat de lectura":"1 minut"},"schema":{"@context":"https:\/\/schema.org","@graph":[{"@type":"WebPage","@id":"https:\/\/footanalytics.com\/ca\/sample-page\/","url":"https:\/\/footanalytics.com\/ca\/sample-page\/","name":"Sample Page - Foot Analytics","isPartOf":{"@id":"https:\/\/footanalytics.com\/ca\/#website"},"datePublished":"2024-07-01T19:31:01+00:00","dateModified":"2024-10-14T13:46:31+00:00","breadcrumb":{"@id":"https:\/\/footanalytics.com\/ca\/sample-page\/#breadcrumb"},"inLanguage":"ca","potentialAction":[{"@type":"ReadAction","target":["https:\/\/footanalytics.com\/ca\/sample-page\/"]}]},{"@type":"BreadcrumbList","@id":"https:\/\/footanalytics.com\/ca\/sample-page\/#breadcrumb","itemListElement":[{"@type":"ListItem","position":1,"name":"Home","item":"https:\/\/footanalytics.com\/ca\/"},{"@type":"ListItem","position":2,"name":"Sample Page"}]},{"@type":"WebSite","@id":"https:\/\/footanalytics.com\/ca\/#website","url":"https:\/\/footanalytics.com\/ca\/","name":"Foot Analytics","description":"","potentialAction":[{"@type":"SearchAction","target":{"@type":"EntryPoint","urlTemplate":"https:\/\/footanalytics.com\/ca\/?s={search_term_string}"},"query-input":{"@type":"PropertyValueSpecification","valueRequired":true,"valueName":"search_term_string"}}],"inLanguage":"ca"}]}},"_links":{"self":[{"href":"https:\/\/footanalytics.com\/ca\/wp-json\/wp\/v2\/pages\/1129"}],"collection":[{"href":"https:\/\/footanalytics.com\/ca\/wp-json\/wp\/v2\/pages"}],"about":[{"href":"https:\/\/footanalytics.com\/ca\/wp-json\/wp\/v2\/types\/page"}],"author":[{"embeddable":true,"href":"https:\/\/footanalytics.com\/ca\/wp-json\/wp\/v2\/users\/2"}],"replies":[{"embeddable":true,"href":"https:\/\/footanalytics.com\/ca\/wp-json\/wp\/v2\/comments?post=1129"}],"version-history":[{"count":1,"href":"https:\/\/footanalytics.com\/ca\/wp-json\/wp\/v2\/pages\/1129\/revisions"}],"predecessor-version":[{"id":1130,"href":"https:\/\/footanalytics.com\/ca\/wp-json\/wp\/v2\/pages\/1129\/revisions\/1130"}],"wp:attachment":[{"href":"https:\/\/footanalytics.com\/ca\/wp-json\/wp\/v2\/media?parent=1129"}],"curies":[{"name":"wp","href":"https:\/\/api.w.org\/{rel}","templated":true}]}}