{"id":1108,"date":"2024-08-16T06:04:15","date_gmt":"2024-08-16T06:04:15","guid":{"rendered":"https:\/\/footanalytics.com\/ruckus\/"},"modified":"2024-10-29T13:02:08","modified_gmt":"2024-10-29T13:02:08","slug":"ruckus","status":"publish","type":"page","link":"https:\/\/footanalytics.com\/ca\/ruckus\/","title":{"rendered":"Ruckus"},"content":{"rendered":"","protected":false},"excerpt":{"rendered":"","protected":false},"author":2,"featured_media":0,"parent":0,"menu_order":0,"comment_status":"closed","ping_status":"closed","template":"","meta":{"_acf_changed":false,"footnotes":""},"class_list":["post-1108","page","type-page","status-publish","hentry"],"acf":[],"yoast_head":"<!-- This site is optimized with the Yoast SEO plugin v23.8 - https:\/\/yoast.com\/wordpress\/plugins\/seo\/ -->\n<title>Integraci\u00f3 de Ruckus amb Foot Analytics<\/title>\n<meta name=\"description\" content=\"Guia dIntegraci\u00f3 de Ruckus amb Foot Analytics. Configura l&#039;API amb la m\u00e0xima garantia i els protocols de seguretat m\u00e9s grans.\" \/>\n<meta name=\"robots\" content=\"index, follow, max-snippet:-1, max-image-preview:large, max-video-preview:-1\" \/>\n<link rel=\"canonical\" href=\"https:\/\/footanalytics.com\/ca\/ruckus\/\" \/>\n<meta property=\"og:locale\" content=\"ca_ES\" \/>\n<meta property=\"og:type\" content=\"article\" \/>\n<meta property=\"og:title\" content=\"Integraci\u00f3 de Ruckus amb Foot Analytics\" \/>\n<meta property=\"og:description\" content=\"Guia dIntegraci\u00f3 de Ruckus amb Foot Analytics. Configura l&#039;API amb la m\u00e0xima garantia i els protocols de seguretat m\u00e9s grans.\" \/>\n<meta property=\"og:url\" content=\"https:\/\/footanalytics.com\/ca\/ruckus\/\" \/>\n<meta property=\"og:site_name\" content=\"Foot Analytics\" \/>\n<meta property=\"article:modified_time\" content=\"2024-10-29T13:02:08+00:00\" \/>\n<meta name=\"twitter:card\" content=\"summary_large_image\" \/>\n<script type=\"application\/ld+json\" class=\"yoast-schema-graph\">{\"@context\":\"https:\/\/schema.org\",\"@graph\":[{\"@type\":\"WebPage\",\"@id\":\"https:\/\/footanalytics.com\/ca\/ruckus\/\",\"url\":\"https:\/\/footanalytics.com\/ca\/ruckus\/\",\"name\":\"Integraci\u00f3 de Ruckus amb Foot Analytics\",\"isPartOf\":{\"@id\":\"https:\/\/footanalytics.com\/ca\/#website\"},\"datePublished\":\"2024-08-16T06:04:15+00:00\",\"dateModified\":\"2024-10-29T13:02:08+00:00\",\"description\":\"Guia dIntegraci\u00f3 de Ruckus amb Foot Analytics. Configura l'API amb la m\u00e0xima garantia i els protocols de seguretat m\u00e9s grans.\",\"breadcrumb\":{\"@id\":\"https:\/\/footanalytics.com\/ca\/ruckus\/#breadcrumb\"},\"inLanguage\":\"ca\",\"potentialAction\":[{\"@type\":\"ReadAction\",\"target\":[\"https:\/\/footanalytics.com\/ca\/ruckus\/\"]}]},{\"@type\":\"BreadcrumbList\",\"@id\":\"https:\/\/footanalytics.com\/ca\/ruckus\/#breadcrumb\",\"itemListElement\":[{\"@type\":\"ListItem\",\"position\":1,\"name\":\"Home\",\"item\":\"https:\/\/footanalytics.com\/ca\/\"},{\"@type\":\"ListItem\",\"position\":2,\"name\":\"Ruckus\"}]},{\"@type\":\"WebSite\",\"@id\":\"https:\/\/footanalytics.com\/ca\/#website\",\"url\":\"https:\/\/footanalytics.com\/ca\/\",\"name\":\"Foot Analytics\",\"description\":\"\",\"potentialAction\":[{\"@type\":\"SearchAction\",\"target\":{\"@type\":\"EntryPoint\",\"urlTemplate\":\"https:\/\/footanalytics.com\/ca\/?s={search_term_string}\"},\"query-input\":{\"@type\":\"PropertyValueSpecification\",\"valueRequired\":true,\"valueName\":\"search_term_string\"}}],\"inLanguage\":\"ca\"}]}<\/script>\n<!-- \/ Yoast SEO plugin. -->","yoast_head_json":{"title":"Integraci\u00f3 de Ruckus amb Foot Analytics","description":"Guia dIntegraci\u00f3 de Ruckus amb Foot Analytics. Configura l'API amb la m\u00e0xima garantia i els protocols de seguretat m\u00e9s grans.","robots":{"index":"index","follow":"follow","max-snippet":"max-snippet:-1","max-image-preview":"max-image-preview:large","max-video-preview":"max-video-preview:-1"},"canonical":"https:\/\/footanalytics.com\/ca\/ruckus\/","og_locale":"ca_ES","og_type":"article","og_title":"Integraci\u00f3 de Ruckus amb Foot Analytics","og_description":"Guia dIntegraci\u00f3 de Ruckus amb Foot Analytics. Configura l'API amb la m\u00e0xima garantia i els protocols de seguretat m\u00e9s grans.","og_url":"https:\/\/footanalytics.com\/ca\/ruckus\/","og_site_name":"Foot Analytics","article_modified_time":"2024-10-29T13:02:08+00:00","twitter_card":"summary_large_image","schema":{"@context":"https:\/\/schema.org","@graph":[{"@type":"WebPage","@id":"https:\/\/footanalytics.com\/ca\/ruckus\/","url":"https:\/\/footanalytics.com\/ca\/ruckus\/","name":"Integraci\u00f3 de Ruckus amb Foot Analytics","isPartOf":{"@id":"https:\/\/footanalytics.com\/ca\/#website"},"datePublished":"2024-08-16T06:04:15+00:00","dateModified":"2024-10-29T13:02:08+00:00","description":"Guia dIntegraci\u00f3 de Ruckus amb Foot Analytics. Configura l'API amb la m\u00e0xima garantia i els protocols de seguretat m\u00e9s grans.","breadcrumb":{"@id":"https:\/\/footanalytics.com\/ca\/ruckus\/#breadcrumb"},"inLanguage":"ca","potentialAction":[{"@type":"ReadAction","target":["https:\/\/footanalytics.com\/ca\/ruckus\/"]}]},{"@type":"BreadcrumbList","@id":"https:\/\/footanalytics.com\/ca\/ruckus\/#breadcrumb","itemListElement":[{"@type":"ListItem","position":1,"name":"Home","item":"https:\/\/footanalytics.com\/ca\/"},{"@type":"ListItem","position":2,"name":"Ruckus"}]},{"@type":"WebSite","@id":"https:\/\/footanalytics.com\/ca\/#website","url":"https:\/\/footanalytics.com\/ca\/","name":"Foot Analytics","description":"","potentialAction":[{"@type":"SearchAction","target":{"@type":"EntryPoint","urlTemplate":"https:\/\/footanalytics.com\/ca\/?s={search_term_string}"},"query-input":{"@type":"PropertyValueSpecification","valueRequired":true,"valueName":"search_term_string"}}],"inLanguage":"ca"}]}},"_links":{"self":[{"href":"https:\/\/footanalytics.com\/ca\/wp-json\/wp\/v2\/pages\/1108"}],"collection":[{"href":"https:\/\/footanalytics.com\/ca\/wp-json\/wp\/v2\/pages"}],"about":[{"href":"https:\/\/footanalytics.com\/ca\/wp-json\/wp\/v2\/types\/page"}],"author":[{"embeddable":true,"href":"https:\/\/footanalytics.com\/ca\/wp-json\/wp\/v2\/users\/2"}],"replies":[{"embeddable":true,"href":"https:\/\/footanalytics.com\/ca\/wp-json\/wp\/v2\/comments?post=1108"}],"version-history":[{"count":3,"href":"https:\/\/footanalytics.com\/ca\/wp-json\/wp\/v2\/pages\/1108\/revisions"}],"predecessor-version":[{"id":1555,"href":"https:\/\/footanalytics.com\/ca\/wp-json\/wp\/v2\/pages\/1108\/revisions\/1555"}],"wp:attachment":[{"href":"https:\/\/footanalytics.com\/ca\/wp-json\/wp\/v2\/media?parent=1108"}],"curies":[{"name":"wp","href":"https:\/\/api.w.org\/{rel}","templated":true}]}}